{"id":758,"date":"2025-09-09T22:27:08","date_gmt":"2025-09-09T20:27:08","guid":{"rendered":"https:\/\/masiacanpei.com\/politica-de-cookies\/"},"modified":"2025-09-09T22:42:15","modified_gmt":"2025-09-09T20:42:15","slug":"politica-de-cookies","status":"publish","type":"page","link":"http:\/\/www.masiacanpei.com\/es\/politica-de-cookies\/","title":{"rendered":"Pol\u00edtica de cookies"},"content":{"rendered":"<p>Una cookie es un archivo que se descarga en el dispositivo desde el que consultas o visualizas nuestro sitio web (ordenador \/ tel\u00e9fono inteligente \/ tableta) y se descarga en el momento de acceder a determinadas p\u00e1ginas web para almacenar y recuperar informaci\u00f3n sobre la navegaci\u00f3n que se realiza desde el dispositivo.<\/p>\n<p>&nbsp;<\/p>\n<h2>Existen diferentes tipos de \u201ccookies\u201d<\/h2>\n<p>Seg\u00fan el propietario de la cookie<\/p>\n<h4>Cookies propias<\/h4>\n<p>Son aquellas que se env\u00edan al equipo terminal del usuario desde un ordenador o dominio gestionado por el propio editor y desde el que se presta el servicio solicitado por el usuario.<\/p>\n<h4>Cookies de terceros<\/h4>\n<p>Son aquellas que se env\u00edan al equipo terminal del usuario desde un ordenador o dominio que no es gestionado por el editor, sino por otra entidad que trata los datos obtenidos mediante las cookies.<\/p>\n<h3>Seg\u00fan la duraci\u00f3n de la cookie<\/h3>\n<p><strong>Cookies de sesi\u00f3n<\/strong> Son un tipo de cookies dise\u00f1adas para recoger y almacenar datos mientras el usuario accede a una p\u00e1gina web.<\/p>\n<h4>Cookies persistentes<\/h4>\n<p>Son un tipo de cookies en las que los datos siguen almacenados en el terminal y pueden ser accedidos y tratados durante un per\u00edodo definido por el responsable de la cookie, que puede ir desde unos minutos hasta varios a\u00f1os.<\/p>\n<h3>Seg\u00fan la finalidad de la cookie<\/h3>\n<h4>Cookies de an\u00e1lisis<\/h4>\n<p>Aquellas que, ya sean tratadas por nosotros o por terceros, permiten cuantificar el n\u00famero de usuarios y as\u00ed realizar la medici\u00f3n y el an\u00e1lisis estad\u00edstico del uso que hacen los usuarios del servicio ofrecido. Para ello, analizamos tu navegaci\u00f3n en nuestro sitio web con la finalidad de mejorar la oferta de productos o servicios que te ofrecemos.<\/p>\n<h4>Cookies publicitarias<\/h4>\n<p>Son aquellas que permiten la gesti\u00f3n, de la forma m\u00e1s eficiente posible, de los espacios publicitarios que, en su caso, el editor haya incluido en una p\u00e1gina web, aplicaci\u00f3n o plataforma desde la que se presta el servicio solicitado en base a criterios como el contenido editado o la frecuencia con la que se muestran los anuncios.<\/p>\n<h4>Cookies de publicidad comportamental<\/h4>\n<p>Son aquellas que permiten la gesti\u00f3n, de la forma m\u00e1s eficiente posible, de los espacios publicitarios que, en su caso, el editor haya incluido en una p\u00e1gina web, aplicaci\u00f3n o plataforma desde la que se presta el servicio solicitado. Estas cookies almacenan informaci\u00f3n sobre el comportamiento de los usuarios obtenida mediante la observaci\u00f3n continuada de sus h\u00e1bitos de navegaci\u00f3n, lo que permite desarrollar un perfil espec\u00edfico para mostrar publicidad en funci\u00f3n de \u00e9ste.<\/p>\n<p>Tambi\u00e9n es posible que al visitar una p\u00e1gina web o al abrir un correo electr\u00f3nico en el que se publique un anuncio o promoci\u00f3n sobre nuestros productos o servicios, se instale una cookie en tu navegador que sirva para mostrarte posteriormente publicidad relacionada con la b\u00fasqueda que has realizado, desarrollar un control de nuestros anuncios en relaci\u00f3n, por ejemplo, con el n\u00famero de veces que se ven, d\u00f3nde aparecen, a qu\u00e9 hora se ven, etc.<\/p>\n<h4>Cookies t\u00e9cnicas<\/h4>\n<p>Son aquellas que permiten al usuario la navegaci\u00f3n a trav\u00e9s de una p\u00e1gina web, plataforma o aplicaci\u00f3n y el uso de las diferentes opciones o servicios que en ella existan, como por ejemplo controlar el tr\u00e1fico y la comunicaci\u00f3n de datos, identificar la sesi\u00f3n, acceder a partes de acceso restringido, recordar los elementos que integran un pedido, realizar el proceso de compra de un pedido, realizar la solicitud de inscripci\u00f3n o participaci\u00f3n en un evento, utilizar elementos de seguridad durante la navegaci\u00f3n, almacenar contenidos para la difusi\u00f3n de v\u00eddeos o sonido o compartir contenidos a trav\u00e9s de redes sociales.<\/p>\n<h4>Cookies de personalizaci\u00f3n<\/h4>\n<p>Son aquellas que permiten al usuario acceder al servicio con algunas caracter\u00edsticas generales predefinidas en funci\u00f3n de una serie de criterios en el terminal del usuario, como por ejemplo el idioma, el tipo de navegador a trav\u00e9s del cual accede al servicio, la configuraci\u00f3n regional desde donde accede al servicio, etc.<\/p>\n<h2>CAN PEI utiliza las siguientes cookies en este sitio web, que se detallan en la siguiente tabla:<\/h2>\n<p><strong>Cookies estrictamente necesarias para la prestaci\u00f3n de determinados servicios expresamente solicitados por el usuario:<\/strong> si estas cookies se desactivan, no podr\u00e1s recibir correctamente nuestros contenidos y servicios; y <strong>cookies anal\u00edticas (para el seguimiento y an\u00e1lisis estad\u00edstico del comportamiento de todos los usuarios), publicitarias (para la gesti\u00f3n de los espacios publicitarios seg\u00fan criterios como la frecuencia con la que se muestran los anuncios) y de comportamiento (para la gesti\u00f3n de los espacios publicitarios seg\u00fan el perfil espec\u00edfico del usuario)<\/strong>. Si estas cookies se desactivan, el sitio web puede continuar funcionando sin perjuicio de que la informaci\u00f3n recogida por estas cookies sobre el uso de nuestro sitio web y el \u00e9xito de los anuncios que en \u00e9l se muestran permita mejorar nuestros servicios y obtener ingresos que nos permiten ofrecer muchos contenidos de forma gratuita.<\/p>\n<h2>Cookies propias<\/h2>\n<p><strong>Cookie: <\/strong>canpei_cookies<\/p>\n<p><strong>Tipo de valor: <\/strong>texto<\/p>\n<p><strong>Finalidad: <\/strong>Esta cookie se genera con la finalidad de mostrar al usuario el aviso de pol\u00edtica de cookies solo la primera vez que inicia sesi\u00f3n.<\/p>\n<h2>Cookies de terceros<\/h2>\n<p>(la informaci\u00f3n ha sido facilitada por terceros)<\/p>\n<table border=\"1\" cellpadding=\"8\" cellspacing=\"0\">\n<thead>\n<tr>\n<th>Cookie<\/th>\n<th>Caducidad<\/th>\n<th>Finalidad<\/th>\n<\/tr>\n<\/thead>\n<tbody>\n<tr>\n<td>__ga<\/td>\n<td>dos a\u00f1os<\/td>\n<td>Esta cookie se utiliza para distinguir usuarios \u00fanicos mediante la asignaci\u00f3n de un n\u00famero generado aleatoriamente como identificador de cliente. Se incluye en cada solicitud de p\u00e1gina de un sitio y se utiliza para calcular el volumen de visitantes, sesiones y datos para los informes de an\u00e1lisis de la web.<\/td>\n<\/tr>\n<tr>\n<td>__utma<\/td>\n<td>dos a\u00f1os<\/td>\n<td>Se utiliza para distinguir usuarios y sesiones. La cookie se crea cuando se ejecuta la biblioteca de JavaScript y no existe ninguna cookie previa. La cookie se actualiza cada vez que se env\u00edan datos a Google Analytics.<\/td>\n<\/tr>\n<tr>\n<td>__utmb<\/td>\n<td>30 minutos<\/td>\n<td>Se utiliza para determinar nuevas sesiones o visitas. La cookie se crea cuando se ejecuta la biblioteca de JavaScript y no existe la cookie __utmb. La cookie se actualiza cada vez que se env\u00edan datos a Google Analytics.<\/td>\n<\/tr>\n<tr>\n<td>__utmc<\/td>\n<td>Fin de la sesi\u00f3n del navegador<\/td>\n<td>No se utiliza en ga.js. Se configura para interactuar con urchin.js. Anteriormente, esta cookie actuaba junto con la cookie __utmb para determinar si el usuario estaba en una nueva sesi\u00f3n o visita.<\/td>\n<\/tr>\n<tr>\n<td>__utmz<\/td>\n<td>seis meses<\/td>\n<td>Almacena la fuente de tr\u00e1fico o la campa\u00f1a que explica c\u00f3mo el usuario ha llegado al sitio. La cookie se crea cuando se ejecuta la biblioteca de JavaScript y se actualiza cada vez que se env\u00edan datos a Google Analytics.<\/td>\n<\/tr>\n<tr>\n<td>__utmv<\/td>\n<td>dos a\u00f1os<\/td>\n<td>Se utiliza para almacenar datos de variables personalizadas del visitante. Esta cookie se crea cuando un programador utiliza el m\u00e9todo _setCustomVar con una variable personalizada del visitante. Tambi\u00e9n se utilizaba para el m\u00e9todo retirado _setVar. La cookie se actualiza cada vez que se env\u00edan datos a Google Analytics.<\/td>\n<\/tr>\n<\/tbody>\n<\/table>\n<p>&nbsp;<\/p>\n<p>La informaci\u00f3n obtenida mediante estas cookies, referida al equipo del usuario, puede combinarse con tus datos personales solo si est\u00e1s registrado en este sitio web.<\/p>\n<h2>DESACTIVACI\u00d3N DE LAS COOKIES<\/h2>\n<p>El usuario puede, en cualquier momento, elegir qu\u00e9 cookies quiere que funcionen en este sitio web mediante la configuraci\u00f3n del navegador; por ejemplo:<\/p>\n<ul>\n<li><a href=\"https:\/\/support.google.com\/chrome\/answer\/95647\" target=\"_blank\" rel=\"noopener noreferrer\">Chrome, desde aqu\u00ed.<\/a><\/li>\n<li><a href=\"https:\/\/support.microsoft.com\/en-us\/help\/17442\/windows-internet-explorer-delete-manage-cookies\" target=\"_blank\" rel=\"noopener noreferrer\">Explorer, desde aqu\u00ed.<\/a><\/li>\n<li><a href=\"https:\/\/support.mozilla.org\/en-US\/kb\/enable-and-disable-cookies-website-preferences\" target=\"_blank\" rel=\"noopener noreferrer\">Firefox, desde aqu\u00ed.<\/a><\/li>\n<li><a href=\"https:\/\/support.apple.com\/en-us\/HT201265\" target=\"_blank\" rel=\"noopener noreferrer\">Safari, desde aqu\u00ed.<\/a><\/li>\n<\/ul>\n<p>CAN PEI no es responsable del contenido y la veracidad de las pol\u00edticas de privacidad de terceros incluidas en esta pol\u00edtica de cookies. Si tienes cualquier duda sobre esta pol\u00edtica de cookies, puedes contactar con CAN PEI mediante una comunicaci\u00f3n dirigida al responsable del fichero, por correo postal a nuestras oficinas situadas en Girona, Mas\u00eda Can Pei, S\/N, Catalu\u00f1a, Espa\u00f1a o por correo electr\u00f3nico a <a href=\"mailto:info@canpei.cat\">info@canpei.cat<\/a>.<\/p>\n","protected":false},"excerpt":{"rendered":"<p>Una cookie es un archivo que se descarga en el dispositivo desde el que consultas o visualizas nuestro sitio web (ordenador \/ tel\u00e9fono inteligente \/ tableta) y se descarga en el momento de acceder a determinadas p\u00e1ginas web para almacenar y recuperar informaci\u00f3n sobre la navegaci\u00f3n que se realiza desde el dispositivo. &nbsp; Existen diferentes [&hellip;]<\/p>\n","protected":false},"author":1,"featured_media":0,"parent":0,"menu_order":0,"comment_status":"closed","ping_status":"closed","template":"","meta":{"_acf_changed":false,"footnotes":""},"class_list":["post-758","page","type-page","status-publish","hentry"],"acf":[],"yoast_head":"<!-- This site is optimized with the Yoast SEO plugin v27.3 - https:\/\/yoast.com\/product\/yoast-seo-wordpress\/ -->\n<title>Pol\u00edtica de cookies - Sections webcooking<\/title>\n<meta name=\"robots\" content=\"index, nofollow, max-snippet:-1, max-image-preview:large, max-video-preview:-1\" \/>\n<link rel=\"canonical\" href=\"http:\/\/masiacanpei.com\/es\/politica-de-cookies\/\" \/>\n<meta property=\"og:locale\" content=\"es_ES\" \/>\n<meta property=\"og:type\" content=\"article\" \/>\n<meta property=\"og:title\" content=\"Pol\u00edtica de cookies - Sections webcooking\" \/>\n<meta property=\"og:description\" content=\"Una cookie es un archivo que se descarga en el dispositivo desde el que consultas o visualizas nuestro sitio web (ordenador \/ tel\u00e9fono inteligente \/ tableta) y se descarga en el momento de acceder a determinadas p\u00e1ginas web para almacenar y recuperar informaci\u00f3n sobre la navegaci\u00f3n que se realiza desde el dispositivo. &nbsp; Existen diferentes [&hellip;]\" \/>\n<meta property=\"og:url\" content=\"http:\/\/masiacanpei.com\/es\/politica-de-cookies\/\" \/>\n<meta property=\"og:site_name\" content=\"Sections webcooking\" \/>\n<meta property=\"article:modified_time\" content=\"2025-09-09T20:42:15+00:00\" \/>\n<meta name=\"twitter:card\" content=\"summary_large_image\" \/>\n<meta name=\"twitter:label1\" content=\"Tiempo de lectura\" \/>\n\t<meta name=\"twitter:data1\" content=\"7 minutos\" \/>\n<script type=\"application\/ld+json\" class=\"yoast-schema-graph\">{\"@context\":\"https:\\\/\\\/schema.org\",\"@graph\":[{\"@type\":\"WebPage\",\"@id\":\"http:\\\/\\\/masiacanpei.com\\\/es\\\/politica-de-cookies\\\/\",\"url\":\"http:\\\/\\\/masiacanpei.com\\\/es\\\/politica-de-cookies\\\/\",\"name\":\"Pol\u00edtica de cookies - Sections webcooking\",\"isPartOf\":{\"@id\":\"https:\\\/\\\/masiacanpei.com\\\/#website\"},\"datePublished\":\"2025-09-09T20:27:08+00:00\",\"dateModified\":\"2025-09-09T20:42:15+00:00\",\"breadcrumb\":{\"@id\":\"http:\\\/\\\/masiacanpei.com\\\/es\\\/politica-de-cookies\\\/#breadcrumb\"},\"inLanguage\":\"es\",\"potentialAction\":[{\"@type\":\"ReadAction\",\"target\":[\"http:\\\/\\\/masiacanpei.com\\\/es\\\/politica-de-cookies\\\/\"]}]},{\"@type\":\"BreadcrumbList\",\"@id\":\"http:\\\/\\\/masiacanpei.com\\\/es\\\/politica-de-cookies\\\/#breadcrumb\",\"itemListElement\":[{\"@type\":\"ListItem\",\"position\":1,\"name\":\"Inici\",\"item\":\"https:\\\/\\\/masiacanpei.com\\\/es\\\/\"},{\"@type\":\"ListItem\",\"position\":2,\"name\":\"Pol\u00edtica de cookies\"}]},{\"@type\":\"WebSite\",\"@id\":\"https:\\\/\\\/masiacanpei.com\\\/#website\",\"url\":\"https:\\\/\\\/masiacanpei.com\\\/\",\"name\":\"Sections webcooking\",\"description\":\"\",\"potentialAction\":[{\"@type\":\"SearchAction\",\"target\":{\"@type\":\"EntryPoint\",\"urlTemplate\":\"https:\\\/\\\/masiacanpei.com\\\/?s={search_term_string}\"},\"query-input\":{\"@type\":\"PropertyValueSpecification\",\"valueRequired\":true,\"valueName\":\"search_term_string\"}}],\"inLanguage\":\"es\"}]}<\/script>\n<!-- \/ Yoast SEO plugin. -->","yoast_head_json":{"title":"Pol\u00edtica de cookies - Sections webcooking","robots":{"index":"index","follow":"nofollow","max-snippet":"max-snippet:-1","max-image-preview":"max-image-preview:large","max-video-preview":"max-video-preview:-1"},"canonical":"http:\/\/masiacanpei.com\/es\/politica-de-cookies\/","og_locale":"es_ES","og_type":"article","og_title":"Pol\u00edtica de cookies - Sections webcooking","og_description":"Una cookie es un archivo que se descarga en el dispositivo desde el que consultas o visualizas nuestro sitio web (ordenador \/ tel\u00e9fono inteligente \/ tableta) y se descarga en el momento de acceder a determinadas p\u00e1ginas web para almacenar y recuperar informaci\u00f3n sobre la navegaci\u00f3n que se realiza desde el dispositivo. &nbsp; Existen diferentes [&hellip;]","og_url":"http:\/\/masiacanpei.com\/es\/politica-de-cookies\/","og_site_name":"Sections webcooking","article_modified_time":"2025-09-09T20:42:15+00:00","twitter_card":"summary_large_image","twitter_misc":{"Tiempo de lectura":"7 minutos"},"schema":{"@context":"https:\/\/schema.org","@graph":[{"@type":"WebPage","@id":"http:\/\/masiacanpei.com\/es\/politica-de-cookies\/","url":"http:\/\/masiacanpei.com\/es\/politica-de-cookies\/","name":"Pol\u00edtica de cookies - Sections webcooking","isPartOf":{"@id":"https:\/\/masiacanpei.com\/#website"},"datePublished":"2025-09-09T20:27:08+00:00","dateModified":"2025-09-09T20:42:15+00:00","breadcrumb":{"@id":"http:\/\/masiacanpei.com\/es\/politica-de-cookies\/#breadcrumb"},"inLanguage":"es","potentialAction":[{"@type":"ReadAction","target":["http:\/\/masiacanpei.com\/es\/politica-de-cookies\/"]}]},{"@type":"BreadcrumbList","@id":"http:\/\/masiacanpei.com\/es\/politica-de-cookies\/#breadcrumb","itemListElement":[{"@type":"ListItem","position":1,"name":"Inici","item":"https:\/\/masiacanpei.com\/es\/"},{"@type":"ListItem","position":2,"name":"Pol\u00edtica de cookies"}]},{"@type":"WebSite","@id":"https:\/\/masiacanpei.com\/#website","url":"https:\/\/masiacanpei.com\/","name":"Sections webcooking","description":"","potentialAction":[{"@type":"SearchAction","target":{"@type":"EntryPoint","urlTemplate":"https:\/\/masiacanpei.com\/?s={search_term_string}"},"query-input":{"@type":"PropertyValueSpecification","valueRequired":true,"valueName":"search_term_string"}}],"inLanguage":"es"}]}},"_links":{"self":[{"href":"http:\/\/www.masiacanpei.com\/es\/wp-json\/wp\/v2\/pages\/758","targetHints":{"allow":["GET"]}}],"collection":[{"href":"http:\/\/www.masiacanpei.com\/es\/wp-json\/wp\/v2\/pages"}],"about":[{"href":"http:\/\/www.masiacanpei.com\/es\/wp-json\/wp\/v2\/types\/page"}],"author":[{"embeddable":true,"href":"http:\/\/www.masiacanpei.com\/es\/wp-json\/wp\/v2\/users\/1"}],"replies":[{"embeddable":true,"href":"http:\/\/www.masiacanpei.com\/es\/wp-json\/wp\/v2\/comments?post=758"}],"version-history":[{"count":2,"href":"http:\/\/www.masiacanpei.com\/es\/wp-json\/wp\/v2\/pages\/758\/revisions"}],"predecessor-version":[{"id":762,"href":"http:\/\/www.masiacanpei.com\/es\/wp-json\/wp\/v2\/pages\/758\/revisions\/762"}],"wp:attachment":[{"href":"http:\/\/www.masiacanpei.com\/es\/wp-json\/wp\/v2\/media?parent=758"}],"curies":[{"name":"wp","href":"https:\/\/api.w.org\/{rel}","templated":true}]}}